{"id":3831,"date":"2022-05-06T15:50:14","date_gmt":"2022-05-06T13:50:14","guid":{"rendered":"https:\/\/trigenia.it\/?page_id=3831"},"modified":"2022-05-06T15:55:25","modified_gmt":"2022-05-06T13:55:25","slug":"trichain","status":"publish","type":"page","link":"https:\/\/www.trigenia.it\/en\/servizi\/trichain\/","title":{"rendered":"Trichain"},"content":{"rendered":"<p>[et_pb_section fb_built=&#8221;1&#8243; fullwidth=&#8221;on&#8221; _builder_version=&#8221;4.16&#8243; _module_preset=&#8221;default&#8221; global_colors_info=&#8221;{}&#8221;][et_pb_fullwidth_slider use_bg_overlay=&#8221;off&#8221; use_text_overlay=&#8221;off&#8221; _builder_version=&#8221;4.16.0&#8243; _module_preset=&#8221;default&#8221; header_font_size=&#8221;4.5em&#8221; height=&#8221;45vh&#8221; custom_padding=&#8221;10%||||false|false&#8221; global_colors_info=&#8221;{}&#8221;][et_pb_slide heading=&#8221;Trichain&#8221; _builder_version=&#8221;4.16.0&#8243; _module_preset=&#8221;default&#8221; header_level=&#8221;h1&#8243; header_font=&#8221;|700|||||||&#8221; body_font=&#8221;||||||||&#8221; background_enable_color=&#8221;off&#8221; background_image=&#8221;https:\/\/trigenia.it\/app\/uploads\/2022\/04\/trichain-sfondo-scaled.jpg&#8221; background_enable_image=&#8221;on&#8221; global_colors_info=&#8221;{}&#8221; sticky_transition=&#8221;on&#8221;][\/et_pb_slide][\/et_pb_fullwidth_slider][\/et_pb_section][et_pb_section fb_built=&#8221;1&#8243; _builder_version=&#8221;4.16&#8243; _module_preset=&#8221;default&#8221; custom_padding=&#8221;5px||0px||false|false&#8221; global_colors_info=&#8221;{}&#8221;][et_pb_row _builder_version=&#8221;4.16&#8243; _module_preset=&#8221;default&#8221; width=&#8221;100%&#8221; max_width=&#8221;2560px&#8221; custom_padding=&#8221;10px|10%|10px|10%|true|true&#8221; global_colors_info=&#8221;{}&#8221;][et_pb_column type=&#8221;4_4&#8243; _builder_version=&#8221;4.16&#8243; _module_preset=&#8221;default&#8221; global_colors_info=&#8221;{}&#8221;][dsm_breadcrumbs show_home_icon=&#8221;off&#8221; _builder_version=&#8221;4.14.2&#8243; _module_preset=&#8221;default&#8221; items_font=&#8221;|700|||||||&#8221; items_text_color=&#8221;#363940&#8243; items_font_size=&#8221;1.1em&#8221; separators_text_color=&#8221;#cccccc&#8221; separators_font_size=&#8221;30px&#8221; current_font=&#8221;|700|||||||&#8221; current_font_size=&#8221;1.1em&#8221; global_colors_info=&#8221;{}&#8221;][\/dsm_breadcrumbs][\/et_pb_column][\/et_pb_row][\/et_pb_section][et_pb_section fb_built=&#8221;1&#8243; _builder_version=&#8221;4.16&#8243; _module_preset=&#8221;default&#8221; background_color=&#8221;#f0f4f8&#8243; custom_padding=&#8221;5px||20%||false|false&#8221; global_colors_info=&#8221;{}&#8221;][et_pb_row _builder_version=&#8221;4.16&#8243; _module_preset=&#8221;default&#8221; width=&#8221;100%&#8221; max_width=&#8221;2560px&#8221; custom_margin=&#8221;||||false|false&#8221; custom_padding=&#8221;5%|10%|0%|10%|false|true&#8221; global_colors_info=&#8221;{}&#8221;][et_pb_column type=&#8221;4_4&#8243; _builder_version=&#8221;4.16&#8243; _module_preset=&#8221;default&#8221; global_colors_info=&#8221;{}&#8221;][et_pb_text _builder_version=&#8221;4.16.0&#8243; _module_preset=&#8221;default&#8221; text_font=&#8221;Montserrat||||||||&#8221; text_text_color=&#8221;#363940&#8243; text_font_size=&#8221;1.2em&#8221; custom_padding=&#8221;||80px||false|false&#8221; global_colors_info=&#8221;{}&#8221;]<strong>Trichain <\/strong>is the blockchain platform planned by Trigenia that allows to certify the energy and production chain of your products and increase their purchase through a gamification mechanism based on the token economy.[\/et_pb_text][\/et_pb_column][\/et_pb_row][\/et_pb_section][et_pb_section fb_built=&#8221;1&#8243; _builder_version=&#8221;4.16&#8243; _module_preset=&#8221;default&#8221; background_color=&#8221;RGBA(255,255,255,0)&#8221; custom_margin=&#8221;||||false|false&#8221; custom_padding=&#8221;||||false|false&#8221; global_colors_info=&#8221;{}&#8221;][et_pb_row use_custom_gutter=&#8221;on&#8221; gutter_width=&#8221;1&#8243; make_equal=&#8221;on&#8221; module_class=&#8221; et_pb_row_fullwidth&#8221; _builder_version=&#8221;4.16&#8243; background_color=&#8221;#FFFFFF&#8221; background_size=&#8221;initial&#8221; background_position=&#8221;top_left&#8221; background_repeat=&#8221;repeat&#8221; width=&#8221;100%&#8221; width_tablet=&#8221;100%&#8221; width_phone=&#8221;&#8221; width_last_edited=&#8221;on|desktop&#8221; max_width=&#8221;100%&#8221; max_width_tablet=&#8221;100%&#8221; max_width_phone=&#8221;&#8221; max_width_last_edited=&#8221;on|desktop&#8221; custom_margin=&#8221;||||false|false&#8221; custom_padding=&#8221;||5%||false|false&#8221; make_fullwidth=&#8221;on&#8221; global_colors_info=&#8221;{}&#8221;][et_pb_column type=&#8221;4_4&#8243; _builder_version=&#8221;4.16&#8243; background_color=&#8221;RGBA(255,255,255,0)&#8221; use_background_color_gradient=&#8221;on&#8221; background_color_gradient_stops=&#8221;#ffffff 0%|#ffffff 100%&#8221; background_color_gradient_start=&#8221;#ffffff&#8221; background_color_gradient_end=&#8221;#ffffff&#8221; background_image=&#8221;https:\/\/trigenia.it\/app\/uploads\/2021\/12\/business-02.jpg&#8221; background_position=&#8221;top_left&#8221; global_colors_info=&#8221;{}&#8221; custom_padding__hover=&#8221;|||&#8221;][et_pb_image src=&#8221;https:\/\/trigenia.it\/app\/uploads\/2022\/04\/trichain-come-funziona.png&#8221; alt=&#8221;Case history &#8211; certificati bianchi&#8221; title_text=&#8221;How does it work? &#8221; align=&#8221;center&#8221; force_fullwidth=&#8221;on&#8221; _builder_version=&#8221;4.16.0&#8243; _module_preset=&#8221;default&#8221; custom_margin=&#8221;-445px||||false|false&#8221; custom_padding=&#8221;|10%||10%|false|true&#8221; global_colors_info=&#8221;{}&#8221;][\/et_pb_image][et_pb_divider show_divider=&#8221;off&#8221; disabled_on=&#8221;off|off|off&#8221; _builder_version=&#8221;4.16&#8243; background_color_gradient_direction=&#8221;90deg&#8221; max_width=&#8221;100px&#8221; module_alignment=&#8221;left&#8221; height=&#8221;5px&#8221; custom_margin=&#8221;||20px|&#8221; custom_padding=&#8221;||20px|&#8221; animation_style=&#8221;slide&#8221; animation_direction=&#8221;bottom&#8221; saved_tabs=&#8221;all&#8221; locked=&#8221;off&#8221; global_colors_info=&#8221;{}&#8221;][\/et_pb_divider][\/et_pb_column][\/et_pb_row][et_pb_row column_structure=&#8221;2_5,3_5&#8243; use_custom_gutter=&#8221;on&#8221; gutter_width=&#8221;1&#8243; make_equal=&#8221;on&#8221; _builder_version=&#8221;4.16.0&#8243; _module_preset=&#8221;default&#8221; width=&#8221;100%&#8221; max_width=&#8221;100%&#8221; global_colors_info=&#8221;{}&#8221;][et_pb_column type=&#8221;2_5&#8243; _builder_version=&#8221;4.16.0&#8243; _module_preset=&#8221;default&#8221; custom_padding=&#8221;5%|8%||8%|false|false&#8221; global_colors_info=&#8221;{}&#8221;][et_pb_text _builder_version=&#8221;4.16.0&#8243; _module_preset=&#8221;default&#8221; text_font_size=&#8221;2.5em&#8221; global_colors_info=&#8221;{}&#8221;]<strong>Why Trigenia?<\/strong>[\/et_pb_text][\/et_pb_column][et_pb_column type=&#8221;3_5&#8243; _builder_version=&#8221;4.16.0&#8243; _module_preset=&#8221;default&#8221; custom_padding=&#8221;5%|8%||8%|false|false&#8221; global_colors_info=&#8221;{}&#8221;][et_pb_text _builder_version=&#8221;4.16.0&#8243; _module_preset=&#8221;default&#8221; global_colors_info=&#8221;{}&#8221;]Trigenia has always invested in a innovative development of products in the field of digital area: blockchain technology is a disruptive innovation in the certification and communication of energy and environmental data, and that\u2019s the reason why Trigenia use it for creation of Trichain, a project with which won the European call \u201cBlockpool\u201d for development of BDLTs technologies.<\/p>\n<p>Trichain\u2019s aim is to highlight efforts made by companies to achieve sustainable and energy efficient production cycles; does this telling consumers about quality and sustainability of products through words and images.<\/p>\n<p>Trichain is an ideal instrument for companies interested to enhance the value of their products through a strategy of certification and green marketing, supported by the energy and digital expertise of Trigenia.[\/et_pb_text][\/et_pb_column][\/et_pb_row][et_pb_row column_structure=&#8221;1_2,1_2&#8243; _builder_version=&#8221;4.16.0&#8243; _module_preset=&#8221;default&#8221; background_color=&#8221;#FFFFFF&#8221; width=&#8221;100%&#8221; max_width=&#8221;2560px&#8221; global_colors_info=&#8221;{}&#8221;][et_pb_column type=&#8221;1_2&#8243; _builder_version=&#8221;4.16&#8243; _module_preset=&#8221;default&#8221; global_colors_info=&#8221;{}&#8221;][et_pb_image src=&#8221;https:\/\/trigenia.it\/app\/uploads\/2022\/04\/trichain-pc.png&#8221; title_text=&#8221;trichain pc&#8221; _builder_version=&#8221;4.16.0&#8243; _module_preset=&#8221;default&#8221; global_colors_info=&#8221;{}&#8221;][\/et_pb_image][\/et_pb_column][et_pb_column type=&#8221;1_2&#8243; _builder_version=&#8221;4.16&#8243; _module_preset=&#8221;default&#8221; global_colors_info=&#8221;{}&#8221;][et_pb_image src=&#8221;https:\/\/trigenia.it\/app\/uploads\/2022\/04\/cellulare-trichain-1-2.png&#8221; title_text=&#8221;cellulare trichain 1-2&#8243; _builder_version=&#8221;4.16.0&#8243; _module_preset=&#8221;default&#8221; global_colors_info=&#8221;{}&#8221;][\/et_pb_image][\/et_pb_column][\/et_pb_row][\/et_pb_section]<\/p>\n","protected":false},"excerpt":{"rendered":"<p><div class=\"et_pb_module dsm_breadcrumbs dsm_breadcrumbs_0\">\n\t\t\t\t\n\t\t\t\t\n\t\t\t\t\n\t\t\t\t\n\t\t\t\t\n\t\t\t\t\n\t\t\t\t<div class=\"et_pb_module_inner\">\n\t\t\t\t\t<nav class=\"dsm_breadcrumbs_wrap\" role=\"navigation\" itemscope=\"\" itemtype=\"http:\/\/schema.org\/SiteNavigationElement\">\n\t\t\t\t<ul class=\"dsm_breadcrumbs\">\n\t\t\t<li class='dsm_breadcrumbs_item dsm_home_item dsm_home_item_custom'>\n\t\t\t\t<a href=\"https:\/\/www.trigenia.it\/en\/\" itemprop=\"url\">\n\t\t\t\t\t<span class='dsm_home_text_wrapper'>\n\t\t\t\t\t\t\t\t\t\t\t\t\t<span class=\"dsm_home_text\" itemprop=\"name\">\n\t\t\t\t\t\t\t\tHome\t\t\t\t\t\t\t<\/span>\n\t\t\t\t\t<\/span>\n\t\t\t\t<\/a>\n\t\t\t<\/li>\n\n\t\t<li class=\"dsm_breadcrumbs_separator\"> <span class=\"et-pb-icon dsm_separator_icon\">5<\/span><\/li><\/ul>\n\t\t\t<\/nav>\n\t\t\t\t<\/div>\n\t\t\t<\/div>Trichain is the blockchain platform planned by Trigenia that allows to certify the energy and production chain of your products and increase their purchase through a gamification mechanism based on the token economy.Why Trigenia?Trigenia has always invested in a innovative development of products in [&hellip;]<\/p>\n","protected":false},"author":1,"featured_media":3359,"parent":3412,"menu_order":0,"comment_status":"closed","ping_status":"closed","template":"","meta":{"_et_pb_use_builder":"on","_et_pb_old_content":"<p>[et_pb_section fb_built=\"1\" fullwidth=\"on\" _builder_version=\"4.16\" _module_preset=\"default\" global_colors_info=\"{}\"][et_pb_fullwidth_slider use_bg_overlay=\"off\" use_text_overlay=\"off\" _builder_version=\"4.16.0\" _module_preset=\"default\" header_font_size=\"4.5em\" height=\"45vh\" custom_padding=\"10%||||false|false\" global_colors_info=\"{}\"][et_pb_slide heading=\"Trichain\" _builder_version=\"4.16.0\" _module_preset=\"default\" header_level=\"h1\" header_font=\"|700|||||||\" body_font=\"||||||||\" background_enable_color=\"off\" background_image=\"https:\/\/trigenia.it\/app\/uploads\/2022\/04\/trichain-sfondo-scaled.jpg\" background_enable_image=\"on\" global_colors_info=\"{}\" sticky_transition=\"on\"][\/et_pb_slide][\/et_pb_fullwidth_slider][\/et_pb_section][et_pb_section fb_built=\"1\" _builder_version=\"4.16\" _module_preset=\"default\" custom_padding=\"5px||0px||false|false\" global_colors_info=\"{}\"][et_pb_row _builder_version=\"4.16\" _module_preset=\"default\" width=\"100%\" max_width=\"2560px\" custom_padding=\"10px|10%|10px|10%|true|true\" global_colors_info=\"{}\"][et_pb_column type=\"4_4\" _builder_version=\"4.16\" _module_preset=\"default\" global_colors_info=\"{}\"][dsm_breadcrumbs show_home_icon=\"off\" _builder_version=\"4.14.2\" _module_preset=\"default\" items_font=\"|700|||||||\" items_text_color=\"#363940\" items_font_size=\"1.1em\" separators_text_color=\"#cccccc\" separators_font_size=\"30px\" current_font=\"|700|||||||\" current_font_size=\"1.1em\" global_colors_info=\"{}\"][\/dsm_breadcrumbs][\/et_pb_column][\/et_pb_row][\/et_pb_section][et_pb_section fb_built=\"1\" _builder_version=\"4.16\" _module_preset=\"default\" background_color=\"#f0f4f8\" custom_padding=\"5px||20%||false|false\" global_colors_info=\"{}\"][et_pb_row _builder_version=\"4.16\" _module_preset=\"default\" width=\"100%\" max_width=\"2560px\" custom_margin=\"||||false|false\" custom_padding=\"5%|10%|0%|10%|false|true\" global_colors_info=\"{}\"][et_pb_column type=\"4_4\" _builder_version=\"4.16\" _module_preset=\"default\" global_colors_info=\"{}\"][et_pb_text _builder_version=\"4.16.0\" _module_preset=\"default\" text_font=\"Montserrat||||||||\" text_text_color=\"#363940\" text_font_size=\"1.2em\" custom_padding=\"||80px||false|false\" global_colors_info=\"{}\"]<\/p><p>Trichain \u00e8 la piattaforma blockchain progettata da Trigenia che permette di certificare la filiera energetica e produttiva dei tuoi prodotti e di incentivarne l\u2019acquisto mediante un meccanismo di gamification basato sulla token economy.<\/p><p><strong>Come funziona?<\/strong><\/p><p>Scansionando il QR-code posto sulla confezione, i consumatori visualizzano specifiche informazioni, certificate attraverso la tecnologia blockchain, relative al tuo prodotto e alla tua azienda: i consumi di energia e le emissioni di CO2 del ciclo produttivo, le certificazioni di prodotto e d\u2019azienda, ma anche la qualit\u00e0 delle materie prime utilizzate e il racconto delle lavorazioni del prodotto.<\/p><p>Ogni volta che un consumatore acquista un prodotto, ha la possibilit\u00e0 di richiedere degli speciali token ad esso associati e, accumulandoli, potr\u00e0 successivamente riscattarli in favore di offerte esclusive e premi.<br \/>Pi\u00f9 il prodotto \u00e8 sostenibile e pi\u00f9 sono i punti riconosciuti al cliente!<\/p><p>[\/et_pb_text][\/et_pb_column][\/et_pb_row][\/et_pb_section][et_pb_section fb_built=\"1\" _builder_version=\"4.16\" _module_preset=\"default\" background_color=\"RGBA(255,255,255,0)\" custom_margin=\"||||false|false\" custom_padding=\"||||false|false\" global_colors_info=\"{}\"][et_pb_row use_custom_gutter=\"on\" gutter_width=\"1\" make_equal=\"on\" module_class=\" et_pb_row_fullwidth\" _builder_version=\"4.16\" background_color=\"#FFFFFF\" background_size=\"initial\" background_position=\"top_left\" background_repeat=\"repeat\" width=\"100%\" width_tablet=\"100%\" width_phone=\"\" width_last_edited=\"on|desktop\" max_width=\"100%\" max_width_tablet=\"100%\" max_width_phone=\"\" max_width_last_edited=\"on|desktop\" custom_margin=\"||||false|false\" custom_padding=\"||5%||false|false\" make_fullwidth=\"on\" global_colors_info=\"{}\"][et_pb_column type=\"4_4\" _builder_version=\"4.16\" background_color=\"RGBA(255,255,255,0)\" use_background_color_gradient=\"on\" background_color_gradient_stops=\"#ffffff 0%|#ffffff 100%\" background_color_gradient_start=\"#ffffff\" background_color_gradient_end=\"#ffffff\" background_image=\"https:\/\/trigenia.it\/app\/uploads\/2021\/12\/business-02.jpg\" background_position=\"top_left\" global_colors_info=\"{}\" custom_padding__hover=\"|||\"][et_pb_image src=\"https:\/\/trigenia.it\/app\/uploads\/2022\/04\/trichain-come-funziona.png\" alt=\"Case history - certificati bianchi\" title_text=\"trichain come funziona\" align=\"center\" force_fullwidth=\"on\" _builder_version=\"4.16.0\" _module_preset=\"default\" custom_margin=\"-445px||||false|false\" custom_padding=\"|10%||10%|false|true\" global_colors_info=\"{}\"][\/et_pb_image][et_pb_divider show_divider=\"off\" disabled_on=\"off|off|off\" _builder_version=\"4.16\" background_color_gradient_direction=\"90deg\" max_width=\"100px\" module_alignment=\"left\" height=\"5px\" custom_margin=\"||20px|\" custom_padding=\"||20px|\" animation_style=\"slide\" animation_direction=\"bottom\" saved_tabs=\"all\" locked=\"off\" global_colors_info=\"{}\"][\/et_pb_divider][\/et_pb_column][\/et_pb_row][et_pb_row column_structure=\"2_5,3_5\" use_custom_gutter=\"on\" gutter_width=\"1\" make_equal=\"on\" _builder_version=\"4.16.0\" _module_preset=\"default\" width=\"100%\" max_width=\"100%\" global_colors_info=\"{}\"][et_pb_column type=\"2_5\" _builder_version=\"4.16.0\" _module_preset=\"default\" custom_padding=\"5%|8%||8%|false|false\" global_colors_info=\"{}\"][et_pb_text _builder_version=\"4.16.0\" _module_preset=\"default\" text_font_size=\"2.5em\" global_colors_info=\"{}\"]<\/p><p><strong>Perch\u00e8 Trigenia?<\/strong><\/p><p>[\/et_pb_text][\/et_pb_column][et_pb_column type=\"3_5\" _builder_version=\"4.16.0\" _module_preset=\"default\" custom_padding=\"5%|8%||8%|false|false\" global_colors_info=\"{}\"][et_pb_text _builder_version=\"4.16.0\" _module_preset=\"default\" global_colors_info=\"{}\"]Trigenia investe da sempre nello sviluppo di prodotti all\u2019avanguardia nel campo della digitalizzazione: la tecnologia blockchain rappresenta un\u2019innovazione dirompente nella certificazione e comunicazione dei dati energetici e ambientali ed \u00e8 per questo motivo che Trigenia ha deciso di utilizzarla per la realizzazione di Trichain, progetto con il quale ha vinto il bando europeo Blockpool per lo sviluppo di tecnologie BDLTs.<\/p><p>Alla base di Trichain vi \u00e8 la volont\u00e0 di valorizzare gli sforzi compiuti dalle aziende per raggiungere cicli produttivi sostenibili ed energeticamente efficienti, raccontando ai consumatori la qualit\u00e0 e la sostenibilit\u00e0 dei prodotti attraverso parole e immagini.<\/p><p>Trichain \u00e8 quindi lo strumento ideale per le aziende interessate a valorizzare i propri prodotti attraverso una strategia di certificazione e di green marketing, sostenute dalle competenze in ambito energy e in ambito digital di Trigenia.[\/et_pb_text][\/et_pb_column][\/et_pb_row][et_pb_row column_structure=\"1_2,1_2\" _builder_version=\"4.16.0\" _module_preset=\"default\" background_color=\"#FFFFFF\" width=\"100%\" max_width=\"2560px\" global_colors_info=\"{}\"][et_pb_column type=\"1_2\" _builder_version=\"4.16\" _module_preset=\"default\" global_colors_info=\"{}\"][et_pb_image src=\"https:\/\/trigenia.it\/app\/uploads\/2022\/04\/trichain-pc.png\" title_text=\"trichain pc\" _builder_version=\"4.16.0\" _module_preset=\"default\" global_colors_info=\"{}\"][\/et_pb_image][\/et_pb_column][et_pb_column type=\"1_2\" _builder_version=\"4.16\" _module_preset=\"default\" global_colors_info=\"{}\"][et_pb_image src=\"https:\/\/trigenia.it\/app\/uploads\/2022\/04\/cellulare-trichain-1-2.png\" title_text=\"cellulare trichain 1-2\" _builder_version=\"4.16.0\" _module_preset=\"default\" global_colors_info=\"{}\"][\/et_pb_image][\/et_pb_column][\/et_pb_row][\/et_pb_section]<\/p>","_et_gb_content_width":"","content-type":"","footnotes":""},"class_list":["post-3831","page","type-page","status-publish","has-post-thumbnail","hentry"],"yoast_head":"<!-- This site is optimized with the Yoast SEO plugin v24.1 - https:\/\/yoast.com\/wordpress\/plugins\/seo\/ -->\n<title>Trichain - Trigenia<\/title>\n<meta name=\"robots\" content=\"index, follow, max-snippet:-1, max-image-preview:large, max-video-preview:-1\" \/>\n<link rel=\"canonical\" href=\"https:\/\/www.trigenia.it\/en\/servizi\/trichain\/\" \/>\n<meta property=\"og:locale\" content=\"en_US\" \/>\n<meta property=\"og:type\" content=\"article\" \/>\n<meta property=\"og:title\" content=\"Trichain - Trigenia\" \/>\n<meta property=\"og:description\" content=\"Richiedi una consulenza\" \/>\n<meta property=\"og:url\" content=\"https:\/\/www.trigenia.it\/en\/servizi\/trichain\/\" \/>\n<meta property=\"og:site_name\" content=\"Trigenia\" \/>\n<meta property=\"article:modified_time\" content=\"2022-05-06T13:55:25+00:00\" \/>\n<meta property=\"og:image\" content=\"https:\/\/www.trigenia.it\/app\/uploads\/2022\/04\/trichain-sfondo-scaled.jpg\" \/>\n\t<meta property=\"og:image:width\" content=\"2560\" \/>\n\t<meta property=\"og:image:height\" content=\"1519\" \/>\n\t<meta property=\"og:image:type\" content=\"image\/jpeg\" \/>\n<meta name=\"twitter:card\" content=\"summary_large_image\" \/>\n<meta name=\"twitter:label1\" content=\"Est. reading time\" \/>\n\t<meta name=\"twitter:data1\" content=\"5 minutes\" \/>\n<script type=\"application\/ld+json\" class=\"yoast-schema-graph\">{\"@context\":\"https:\/\/schema.org\",\"@graph\":[{\"@type\":\"WebPage\",\"@id\":\"https:\/\/www.trigenia.it\/en\/servizi\/trichain\/\",\"url\":\"https:\/\/www.trigenia.it\/en\/servizi\/trichain\/\",\"name\":\"Trichain - Trigenia\",\"isPartOf\":{\"@id\":\"https:\/\/www.trigenia.it\/en\/#website\"},\"primaryImageOfPage\":{\"@id\":\"https:\/\/www.trigenia.it\/en\/servizi\/trichain\/#primaryimage\"},\"image\":{\"@id\":\"https:\/\/www.trigenia.it\/en\/servizi\/trichain\/#primaryimage\"},\"thumbnailUrl\":\"https:\/\/www.trigenia.it\/app\/uploads\/2022\/04\/trichain-sfondo-scaled.jpg\",\"datePublished\":\"2022-05-06T13:50:14+00:00\",\"dateModified\":\"2022-05-06T13:55:25+00:00\",\"breadcrumb\":{\"@id\":\"https:\/\/www.trigenia.it\/en\/servizi\/trichain\/#breadcrumb\"},\"inLanguage\":\"en-US\",\"potentialAction\":[{\"@type\":\"ReadAction\",\"target\":[\"https:\/\/www.trigenia.it\/en\/servizi\/trichain\/\"]}]},{\"@type\":\"ImageObject\",\"inLanguage\":\"en-US\",\"@id\":\"https:\/\/www.trigenia.it\/en\/servizi\/trichain\/#primaryimage\",\"url\":\"https:\/\/www.trigenia.it\/app\/uploads\/2022\/04\/trichain-sfondo-scaled.jpg\",\"contentUrl\":\"https:\/\/www.trigenia.it\/app\/uploads\/2022\/04\/trichain-sfondo-scaled.jpg\",\"width\":2560,\"height\":1519},{\"@type\":\"BreadcrumbList\",\"@id\":\"https:\/\/www.trigenia.it\/en\/servizi\/trichain\/#breadcrumb\",\"itemListElement\":[{\"@type\":\"ListItem\",\"position\":1,\"name\":\"Home\",\"item\":\"https:\/\/www.trigenia.it\/en\/\"},{\"@type\":\"ListItem\",\"position\":2,\"name\":\"Services\",\"item\":\"https:\/\/www.trigenia.it\/en\/servizi\/\"},{\"@type\":\"ListItem\",\"position\":3,\"name\":\"Trichain\"}]},{\"@type\":\"WebSite\",\"@id\":\"https:\/\/www.trigenia.it\/en\/#website\",\"url\":\"https:\/\/www.trigenia.it\/en\/\",\"name\":\"Trigenia\",\"description\":\"La tua Energy Service Company\",\"potentialAction\":[{\"@type\":\"SearchAction\",\"target\":{\"@type\":\"EntryPoint\",\"urlTemplate\":\"https:\/\/www.trigenia.it\/en\/?s={search_term_string}\"},\"query-input\":{\"@type\":\"PropertyValueSpecification\",\"valueRequired\":true,\"valueName\":\"search_term_string\"}}],\"inLanguage\":\"en-US\"}]}<\/script>\n<!-- \/ Yoast SEO plugin. -->","yoast_head_json":{"title":"Trichain - Trigenia","robots":{"index":"index","follow":"follow","max-snippet":"max-snippet:-1","max-image-preview":"max-image-preview:large","max-video-preview":"max-video-preview:-1"},"canonical":"https:\/\/www.trigenia.it\/en\/servizi\/trichain\/","og_locale":"en_US","og_type":"article","og_title":"Trichain - Trigenia","og_description":"Richiedi una consulenza","og_url":"https:\/\/www.trigenia.it\/en\/servizi\/trichain\/","og_site_name":"Trigenia","article_modified_time":"2022-05-06T13:55:25+00:00","og_image":[{"width":2560,"height":1519,"url":"https:\/\/www.trigenia.it\/app\/uploads\/2022\/04\/trichain-sfondo-scaled.jpg","type":"image\/jpeg"}],"twitter_card":"summary_large_image","twitter_misc":{"Est. reading time":"5 minutes"},"schema":{"@context":"https:\/\/schema.org","@graph":[{"@type":"WebPage","@id":"https:\/\/www.trigenia.it\/en\/servizi\/trichain\/","url":"https:\/\/www.trigenia.it\/en\/servizi\/trichain\/","name":"Trichain - Trigenia","isPartOf":{"@id":"https:\/\/www.trigenia.it\/en\/#website"},"primaryImageOfPage":{"@id":"https:\/\/www.trigenia.it\/en\/servizi\/trichain\/#primaryimage"},"image":{"@id":"https:\/\/www.trigenia.it\/en\/servizi\/trichain\/#primaryimage"},"thumbnailUrl":"https:\/\/www.trigenia.it\/app\/uploads\/2022\/04\/trichain-sfondo-scaled.jpg","datePublished":"2022-05-06T13:50:14+00:00","dateModified":"2022-05-06T13:55:25+00:00","breadcrumb":{"@id":"https:\/\/www.trigenia.it\/en\/servizi\/trichain\/#breadcrumb"},"inLanguage":"en-US","potentialAction":[{"@type":"ReadAction","target":["https:\/\/www.trigenia.it\/en\/servizi\/trichain\/"]}]},{"@type":"ImageObject","inLanguage":"en-US","@id":"https:\/\/www.trigenia.it\/en\/servizi\/trichain\/#primaryimage","url":"https:\/\/www.trigenia.it\/app\/uploads\/2022\/04\/trichain-sfondo-scaled.jpg","contentUrl":"https:\/\/www.trigenia.it\/app\/uploads\/2022\/04\/trichain-sfondo-scaled.jpg","width":2560,"height":1519},{"@type":"BreadcrumbList","@id":"https:\/\/www.trigenia.it\/en\/servizi\/trichain\/#breadcrumb","itemListElement":[{"@type":"ListItem","position":1,"name":"Home","item":"https:\/\/www.trigenia.it\/en\/"},{"@type":"ListItem","position":2,"name":"Services","item":"https:\/\/www.trigenia.it\/en\/servizi\/"},{"@type":"ListItem","position":3,"name":"Trichain"}]},{"@type":"WebSite","@id":"https:\/\/www.trigenia.it\/en\/#website","url":"https:\/\/www.trigenia.it\/en\/","name":"Trigenia","description":"La tua Energy Service Company","potentialAction":[{"@type":"SearchAction","target":{"@type":"EntryPoint","urlTemplate":"https:\/\/www.trigenia.it\/en\/?s={search_term_string}"},"query-input":{"@type":"PropertyValueSpecification","valueRequired":true,"valueName":"search_term_string"}}],"inLanguage":"en-US"}]}},"_links":{"self":[{"href":"https:\/\/www.trigenia.it\/en\/wp-json\/wp\/v2\/pages\/3831","targetHints":{"allow":["GET"]}}],"collection":[{"href":"https:\/\/www.trigenia.it\/en\/wp-json\/wp\/v2\/pages"}],"about":[{"href":"https:\/\/www.trigenia.it\/en\/wp-json\/wp\/v2\/types\/page"}],"author":[{"embeddable":true,"href":"https:\/\/www.trigenia.it\/en\/wp-json\/wp\/v2\/users\/1"}],"replies":[{"embeddable":true,"href":"https:\/\/www.trigenia.it\/en\/wp-json\/wp\/v2\/comments?post=3831"}],"version-history":[{"count":5,"href":"https:\/\/www.trigenia.it\/en\/wp-json\/wp\/v2\/pages\/3831\/revisions"}],"predecessor-version":[{"id":3836,"href":"https:\/\/www.trigenia.it\/en\/wp-json\/wp\/v2\/pages\/3831\/revisions\/3836"}],"up":[{"embeddable":true,"href":"https:\/\/www.trigenia.it\/en\/wp-json\/wp\/v2\/pages\/3412"}],"wp:featuredmedia":[{"embeddable":true,"href":"https:\/\/www.trigenia.it\/en\/wp-json\/wp\/v2\/media\/3359"}],"wp:attachment":[{"href":"https:\/\/www.trigenia.it\/en\/wp-json\/wp\/v2\/media?parent=3831"}],"curies":[{"name":"wp","href":"https:\/\/api.w.org\/{rel}","templated":true}]}}