{"id":3824,"date":"2022-05-06T15:45:19","date_gmt":"2022-05-06T13:45:19","guid":{"rendered":"https:\/\/trigenia.it\/?page_id=3824"},"modified":"2022-05-06T15:47:50","modified_gmt":"2022-05-06T13:47:50","slug":"cloven","status":"publish","type":"page","link":"https:\/\/www.trigenia.it\/en\/servizi\/cloven\/","title":{"rendered":"Cloven"},"content":{"rendered":"<p>[et_pb_section fb_built=&#8221;1&#8243; fullwidth=&#8221;on&#8221; _builder_version=&#8221;4.16&#8243; _module_preset=&#8221;default&#8221; global_colors_info=&#8221;{}&#8221;][et_pb_fullwidth_slider use_bg_overlay=&#8221;off&#8221; use_text_overlay=&#8221;off&#8221; _builder_version=&#8221;4.16.0&#8243; _module_preset=&#8221;default&#8221; header_font_size=&#8221;4.5em&#8221; height=&#8221;45vh&#8221; custom_padding=&#8221;10%||||false|false&#8221; locked=&#8221;off&#8221; global_colors_info=&#8221;{}&#8221;][et_pb_slide heading=&#8221;Cloven&#8221; _builder_version=&#8221;4.16.0&#8243; _module_preset=&#8221;default&#8221; header_level=&#8221;h1&#8243; header_font=&#8221;|700|||||||&#8221; body_font=&#8221;||||||||&#8221; background_enable_color=&#8221;off&#8221; background_image=&#8221;https:\/\/trigenia.it\/app\/uploads\/2022\/04\/cloven-scaled.jpg&#8221; background_enable_image=&#8221;on&#8221; locked=&#8221;off&#8221; global_colors_info=&#8221;{}&#8221; sticky_transition=&#8221;on&#8221;][\/et_pb_slide][\/et_pb_fullwidth_slider][\/et_pb_section][et_pb_section fb_built=&#8221;1&#8243; _builder_version=&#8221;4.16&#8243; _module_preset=&#8221;default&#8221; custom_padding=&#8221;5px||0px||false|false&#8221; global_colors_info=&#8221;{}&#8221;][et_pb_row _builder_version=&#8221;4.16&#8243; _module_preset=&#8221;default&#8221; width=&#8221;100%&#8221; max_width=&#8221;2560px&#8221; custom_padding=&#8221;10px|10%|10px|10%|true|true&#8221; global_colors_info=&#8221;{}&#8221;][et_pb_column type=&#8221;4_4&#8243; _builder_version=&#8221;4.16&#8243; _module_preset=&#8221;default&#8221; global_colors_info=&#8221;{}&#8221;][dsm_breadcrumbs show_home_icon=&#8221;off&#8221; _builder_version=&#8221;4.14.2&#8243; _module_preset=&#8221;default&#8221; items_font=&#8221;|700|||||||&#8221; items_text_color=&#8221;#363940&#8243; items_font_size=&#8221;1.1em&#8221; separators_text_color=&#8221;#cccccc&#8221; separators_font_size=&#8221;30px&#8221; current_font=&#8221;|700|||||||&#8221; current_font_size=&#8221;1.1em&#8221; global_colors_info=&#8221;{}&#8221;][\/dsm_breadcrumbs][\/et_pb_column][\/et_pb_row][\/et_pb_section][et_pb_section fb_built=&#8221;1&#8243; _builder_version=&#8221;4.16&#8243; _module_preset=&#8221;default&#8221; background_color=&#8221;#f0f4f8&#8243; custom_padding=&#8221;5px||20%||false|false&#8221; global_colors_info=&#8221;{}&#8221;][et_pb_row _builder_version=&#8221;4.16&#8243; _module_preset=&#8221;default&#8221; width=&#8221;100%&#8221; max_width=&#8221;2560px&#8221; custom_margin=&#8221;||||false|false&#8221; custom_padding=&#8221;5%|10%|0%|10%|false|true&#8221; global_colors_info=&#8221;{}&#8221;][et_pb_column type=&#8221;4_4&#8243; _builder_version=&#8221;4.16&#8243; _module_preset=&#8221;default&#8221; global_colors_info=&#8221;{}&#8221;][et_pb_text _builder_version=&#8221;4.16.0&#8243; _module_preset=&#8221;default&#8221; text_font=&#8221;Montserrat||||||||&#8221; text_text_color=&#8221;#363940&#8243; text_font_size=&#8221;1.2em&#8221; custom_padding=&#8221;||80px||false|false&#8221; global_colors_info=&#8221;{}&#8221;]Cloven is a digital energy monitoring solution for Energy Managers.<\/p>\n<p>The SCADA System allows to capture and analyse energy consumption and production data, by identifying the most significant energy uses to reduce costs of energy utility bills and emissions of CO2.<\/p>\n<p><strong>Intuitive, Sustainable, Smart<\/strong><\/p>\n<p>Over time, Cloven is able to expand in terms of functionality and measurement point, thanks to a modular structure and different levels of consultation.<\/p>\n<p>The suite of system&#8217;s integrated communication enables to collect and analyse data from any instrument without requiring additional hardware.<\/p>\n<p>Every single detail can be customised based on company&#8217; interests; In addition, it\u2019s possible to combined, on a single platform, data from different plants and provide a benchmark between sites.[\/et_pb_text][\/et_pb_column][\/et_pb_row][\/et_pb_section][et_pb_section fb_built=&#8221;1&#8243; _builder_version=&#8221;4.16&#8243; _module_preset=&#8221;default&#8221; background_color=&#8221;RGBA(255,255,255,0)&#8221; custom_margin=&#8221;||||false|false&#8221; custom_padding=&#8221;||||false|false&#8221; global_colors_info=&#8221;{}&#8221;][et_pb_row use_custom_gutter=&#8221;on&#8221; gutter_width=&#8221;1&#8243; make_equal=&#8221;on&#8221; module_class=&#8221; et_pb_row_fullwidth&#8221; _builder_version=&#8221;4.16.0&#8243; background_color=&#8221;#FFFFFF&#8221; background_size=&#8221;initial&#8221; background_position=&#8221;top_left&#8221; background_repeat=&#8221;repeat&#8221; width=&#8221;100%&#8221; width_tablet=&#8221;100%&#8221; width_phone=&#8221;&#8221; width_last_edited=&#8221;on|desktop&#8221; max_width=&#8221;100%&#8221; max_width_tablet=&#8221;100%&#8221; max_width_phone=&#8221;&#8221; max_width_last_edited=&#8221;on|desktop&#8221; custom_margin=&#8221;||||false|false&#8221; custom_padding=&#8221;||||false|false&#8221; make_fullwidth=&#8221;on&#8221; global_colors_info=&#8221;{}&#8221;][et_pb_column type=&#8221;4_4&#8243; _builder_version=&#8221;4.16&#8243; background_color=&#8221;RGBA(255,255,255,0)&#8221; use_background_color_gradient=&#8221;on&#8221; background_color_gradient_stops=&#8221;#ffffff 0%|#ffffff 100%&#8221; background_color_gradient_start=&#8221;#ffffff&#8221; background_color_gradient_end=&#8221;#ffffff&#8221; background_image=&#8221;https:\/\/trigenia.it\/app\/uploads\/2021\/12\/business-02.jpg&#8221; background_position=&#8221;top_left&#8221; global_colors_info=&#8221;{}&#8221; custom_padding__hover=&#8221;|||&#8221;][et_pb_image src=&#8221;https:\/\/trigenia.it\/app\/uploads\/2022\/04\/cloven-schermate-1.png&#8221; alt=&#8221;Case history &#8211; certificati bianchi&#8221; title_text=&#8221;cloven schermate (1)&#8221; align=&#8221;center&#8221; force_fullwidth=&#8221;on&#8221; _builder_version=&#8221;4.16.0&#8243; _module_preset=&#8221;default&#8221; custom_margin=&#8221;-445px||||false|false&#8221; custom_padding=&#8221;|10%||10%|false|true&#8221; global_colors_info=&#8221;{}&#8221;][\/et_pb_image][et_pb_divider show_divider=&#8221;off&#8221; disabled_on=&#8221;off|off|off&#8221; _builder_version=&#8221;4.16&#8243; background_color_gradient_direction=&#8221;90deg&#8221; max_width=&#8221;100px&#8221; module_alignment=&#8221;left&#8221; height=&#8221;5px&#8221; custom_margin=&#8221;||20px|&#8221; custom_padding=&#8221;||20px|&#8221; animation_style=&#8221;slide&#8221; animation_direction=&#8221;bottom&#8221; saved_tabs=&#8221;all&#8221; locked=&#8221;off&#8221; global_colors_info=&#8221;{}&#8221;][\/et_pb_divider][\/et_pb_column][\/et_pb_row][et_pb_row column_structure=&#8221;2_5,3_5&#8243; use_custom_gutter=&#8221;on&#8221; gutter_width=&#8221;1&#8243; make_equal=&#8221;on&#8221; _builder_version=&#8221;4.16.0&#8243; _module_preset=&#8221;default&#8221; width=&#8221;100%&#8221; max_width=&#8221;100%&#8221; global_colors_info=&#8221;{}&#8221;][et_pb_column type=&#8221;2_5&#8243; _builder_version=&#8221;4.16.0&#8243; _module_preset=&#8221;default&#8221; custom_padding=&#8221;5%|8%||8%|false|false&#8221; global_colors_info=&#8221;{}&#8221;][et_pb_text _builder_version=&#8221;4.16.0&#8243; _module_preset=&#8221;default&#8221; text_font_size=&#8221;2.5em&#8221; global_colors_info=&#8221;{}&#8221;]<strong>Why Trigenia?<\/strong>[\/et_pb_text][\/et_pb_column][et_pb_column type=&#8221;3_5&#8243; _builder_version=&#8221;4.16.0&#8243; _module_preset=&#8221;default&#8221; custom_padding=&#8221;5%|8%||8%|false|false&#8221; global_colors_info=&#8221;{}&#8221;][et_pb_text _builder_version=&#8221;4.16.0&#8243; _module_preset=&#8221;default&#8221; global_colors_info=&#8221;{}&#8221;]A positive impact on the environment and creating value for the company and its stakeholders are no longer options.<\/p>\n<p>Cloven is the software able to support companies to achieve these goals.<\/p>\n<p>Trigenia helps companies throughout energy e digital transition: from the analysis of plant&#8217;s energy flows, it\u2019s possible to identify significant areas where a precise measures can be taken. Trigenia helps companies step by step: from the design of the system architecture, through support for installation and configuration of measurement range, to development and release of platform. Thanks to experience and skills of Trigenia&#8217;s engineers, it\u2019s possible to have a continuous support service for analysis and interpretation of information collected and processed by Cloven.[\/et_pb_text][\/et_pb_column][\/et_pb_row][et_pb_row column_structure=&#8221;1_2,1_2&#8243; _builder_version=&#8221;4.16.0&#8243; _module_preset=&#8221;default&#8221; global_colors_info=&#8221;{}&#8221;][et_pb_column type=&#8221;1_2&#8243; _builder_version=&#8221;4.16.0&#8243; _module_preset=&#8221;default&#8221; global_colors_info=&#8221;{}&#8221;][\/et_pb_column][et_pb_column type=&#8221;1_2&#8243; _builder_version=&#8221;4.16.0&#8243; _module_preset=&#8221;default&#8221; global_colors_info=&#8221;{}&#8221;][et_pb_text _builder_version=&#8221;4.16.0&#8243; _module_preset=&#8221;default&#8221; text_font_size=&#8221;26px&#8221; global_colors_info=&#8221;{}&#8221;]Related services[\/et_pb_text][dpdfg_filtergrid custom_query=&#8221;posts_ids&#8221; posts_ids=&#8221;2353,2733&#8243; post_number=&#8221;2&#8243; show_author=&#8221;off&#8221; show_filters=&#8221;off&#8221; show_pagination=&#8221;off&#8221; items_skin=&#8221;dp-dfg-skin-default dp-dfg-skin-midnight&#8221; items_width=&#8221;100%&#8221; _builder_version=&#8221;4.16.0&#8243; _module_preset=&#8221;default&#8221; global_colors_info=&#8221;{}&#8221;][\/dpdfg_filtergrid][\/et_pb_column][\/et_pb_row][\/et_pb_section]<\/p>\n","protected":false},"excerpt":{"rendered":"<p><div class=\"et_pb_module dsm_breadcrumbs dsm_breadcrumbs_0\">\n\t\t\t\t\n\t\t\t\t\n\t\t\t\t\n\t\t\t\t\n\t\t\t\t\n\t\t\t\t\n\t\t\t\t<div class=\"et_pb_module_inner\">\n\t\t\t\t\t<nav class=\"dsm_breadcrumbs_wrap\" role=\"navigation\" itemscope=\"\" itemtype=\"http:\/\/schema.org\/SiteNavigationElement\">\n\t\t\t\t<ul class=\"dsm_breadcrumbs\">\n\t\t\t<li class='dsm_breadcrumbs_item dsm_home_item dsm_home_item_custom'>\n\t\t\t\t<a href=\"https:\/\/www.trigenia.it\/en\/\" itemprop=\"url\">\n\t\t\t\t\t<span class='dsm_home_text_wrapper'>\n\t\t\t\t\t\t\t\t\t\t\t\t\t<span class=\"dsm_home_text\" itemprop=\"name\">\n\t\t\t\t\t\t\t\tHome\t\t\t\t\t\t\t<\/span>\n\t\t\t\t\t<\/span>\n\t\t\t\t<\/a>\n\t\t\t<\/li>\n\n\t\t<li class=\"dsm_breadcrumbs_separator\"> <span class=\"et-pb-icon dsm_separator_icon\">5<\/span><\/li><\/ul>\n\t\t\t<\/nav>\n\t\t\t\t<\/div>\n\t\t\t<\/div>Cloven is a digital energy monitoring solution for Energy Managers. The SCADA System allows to capture and analyse energy consumption and production data, by identifying the most significant energy uses to reduce costs of energy utility bills and emissions of CO2. Intuitive, Sustainable, Smart [&hellip;]<\/p>\n","protected":false},"author":1,"featured_media":3358,"parent":3412,"menu_order":0,"comment_status":"closed","ping_status":"closed","template":"","meta":{"_et_pb_use_builder":"on","_et_pb_old_content":"<p>[et_pb_section fb_built=\"1\" fullwidth=\"on\" _builder_version=\"4.16\" _module_preset=\"default\" global_colors_info=\"{}\"][et_pb_fullwidth_slider use_bg_overlay=\"off\" use_text_overlay=\"off\" _builder_version=\"4.16.0\" _module_preset=\"default\" header_font_size=\"4.5em\" height=\"45vh\" custom_padding=\"10%||||false|false\" locked=\"off\" global_colors_info=\"{}\"][et_pb_slide heading=\"Cloven\" _builder_version=\"4.16.0\" _module_preset=\"default\" header_level=\"h1\" header_font=\"|700|||||||\" body_font=\"||||||||\" background_enable_color=\"off\" background_image=\"https:\/\/trigenia.it\/app\/uploads\/2022\/04\/cloven-scaled.jpg\" background_enable_image=\"on\" locked=\"off\" global_colors_info=\"{}\" sticky_transition=\"on\"][\/et_pb_slide][\/et_pb_fullwidth_slider][\/et_pb_section][et_pb_section fb_built=\"1\" _builder_version=\"4.16\" _module_preset=\"default\" custom_padding=\"5px||0px||false|false\" global_colors_info=\"{}\"][et_pb_row _builder_version=\"4.16\" _module_preset=\"default\" width=\"100%\" max_width=\"2560px\" custom_padding=\"10px|10%|10px|10%|true|true\" global_colors_info=\"{}\"][et_pb_column type=\"4_4\" _builder_version=\"4.16\" _module_preset=\"default\" global_colors_info=\"{}\"][dsm_breadcrumbs show_home_icon=\"off\" _builder_version=\"4.14.2\" _module_preset=\"default\" items_font=\"|700|||||||\" items_text_color=\"#363940\" items_font_size=\"1.1em\" separators_text_color=\"#cccccc\" separators_font_size=\"30px\" current_font=\"|700|||||||\" current_font_size=\"1.1em\" global_colors_info=\"{}\"][\/dsm_breadcrumbs][\/et_pb_column][\/et_pb_row][\/et_pb_section][et_pb_section fb_built=\"1\" _builder_version=\"4.16\" _module_preset=\"default\" background_color=\"#f0f4f8\" custom_padding=\"5px||20%||false|false\" global_colors_info=\"{}\"][et_pb_row _builder_version=\"4.16\" _module_preset=\"default\" width=\"100%\" max_width=\"2560px\" custom_margin=\"||||false|false\" custom_padding=\"5%|10%|0%|10%|false|true\" global_colors_info=\"{}\"][et_pb_column type=\"4_4\" _builder_version=\"4.16\" _module_preset=\"default\" global_colors_info=\"{}\"][et_pb_text _builder_version=\"4.16.0\" _module_preset=\"default\" text_font=\"Montserrat||||||||\" text_text_color=\"#363940\" text_font_size=\"1.2em\" custom_padding=\"||80px||false|false\" global_colors_info=\"{}\"]<\/p><p>Cloven \u00e8 la soluzione di monitoraggio energetico digitale e personalizzata, dedicata agli Energy Manager.<br \/>Il sistema permette di acquisire e analizzare i dati di consumo energetico e di produzione, individuando gli impieghi di energia pi\u00f9 significativi e le aree su cui agire per abbattere i consumi, ottenendo risparmi in bolletta e abbattendo le emissioni aziendali di CO2.<\/p><p><strong>Intuitivo, Sostenibile, Smart<\/strong><\/p><p>Grazie alla sua struttura modulare, e ai diversi livelli di consultazione, Cloven \u00e8 in grado di espandersi nel tempo in termini di funzionalit\u00e0 e di punti di misura. Attraverso la suite di comunicazione integrata nel sistema \u00e8 inoltre in grado di raccogliere ed analizzare dati provenienti da qualsiasi strumento in campo, senza necessit\u00e0 di hardware aggiuntivo.<br \/>Ogni dettaglio delle interfacce \u00e8 personalizzabile sulla base delle esigenze e degli interessi del cliente; inoltre \u00e8 possibile concentrare in un\u2019unica piattaforma misure e dati provenienti da stabilimenti diversi ed ottenere cos\u00ec un benchmark tra i vari siti.<\/p><p>[\/et_pb_text][\/et_pb_column][\/et_pb_row][\/et_pb_section][et_pb_section fb_built=\"1\" _builder_version=\"4.16\" _module_preset=\"default\" background_color=\"RGBA(255,255,255,0)\" custom_margin=\"||||false|false\" custom_padding=\"||||false|false\" global_colors_info=\"{}\"][et_pb_row use_custom_gutter=\"on\" gutter_width=\"1\" make_equal=\"on\" module_class=\" et_pb_row_fullwidth\" _builder_version=\"4.16.0\" background_color=\"#FFFFFF\" background_size=\"initial\" background_position=\"top_left\" background_repeat=\"repeat\" width=\"100%\" width_tablet=\"100%\" width_phone=\"\" width_last_edited=\"on|desktop\" max_width=\"100%\" max_width_tablet=\"100%\" max_width_phone=\"\" max_width_last_edited=\"on|desktop\" custom_margin=\"||||false|false\" custom_padding=\"||||false|false\" make_fullwidth=\"on\" global_colors_info=\"{}\"][et_pb_column type=\"4_4\" _builder_version=\"4.16\" background_color=\"RGBA(255,255,255,0)\" use_background_color_gradient=\"on\" background_color_gradient_stops=\"#ffffff 0%|#ffffff 100%\" background_color_gradient_start=\"#ffffff\" background_color_gradient_end=\"#ffffff\" background_image=\"https:\/\/trigenia.it\/app\/uploads\/2021\/12\/business-02.jpg\" background_position=\"top_left\" global_colors_info=\"{}\" custom_padding__hover=\"|||\"][et_pb_image src=\"https:\/\/trigenia.it\/app\/uploads\/2022\/04\/cloven-schermate-1.png\" alt=\"Case history - certificati bianchi\" title_text=\"cloven schermate (1)\" align=\"center\" force_fullwidth=\"on\" _builder_version=\"4.16.0\" _module_preset=\"default\" custom_margin=\"-445px||||false|false\" custom_padding=\"|10%||10%|false|true\" global_colors_info=\"{}\"][\/et_pb_image][et_pb_divider show_divider=\"off\" disabled_on=\"off|off|off\" _builder_version=\"4.16\" background_color_gradient_direction=\"90deg\" max_width=\"100px\" module_alignment=\"left\" height=\"5px\" custom_margin=\"||20px|\" custom_padding=\"||20px|\" animation_style=\"slide\" animation_direction=\"bottom\" saved_tabs=\"all\" locked=\"off\" global_colors_info=\"{}\"][\/et_pb_divider][\/et_pb_column][\/et_pb_row][et_pb_row column_structure=\"2_5,3_5\" use_custom_gutter=\"on\" gutter_width=\"1\" make_equal=\"on\" _builder_version=\"4.16.0\" _module_preset=\"default\" width=\"100%\" max_width=\"100%\" global_colors_info=\"{}\"][et_pb_column type=\"2_5\" _builder_version=\"4.16.0\" _module_preset=\"default\" custom_padding=\"5%|8%||8%|false|false\" global_colors_info=\"{}\"][et_pb_text _builder_version=\"4.16.0\" _module_preset=\"default\" text_font_size=\"2.5em\" global_colors_info=\"{}\"]<\/p><p><strong>Perch\u00e8 Trigenia?<\/strong><\/p><p>[\/et_pb_text][\/et_pb_column][et_pb_column type=\"3_5\" _builder_version=\"4.16.0\" _module_preset=\"default\" custom_padding=\"5%|8%||8%|false|false\" global_colors_info=\"{}\"][et_pb_text _builder_version=\"4.16.0\" _module_preset=\"default\" global_colors_info=\"{}\"]Avere un impatto positivo sull\u2019ambiente e creare valore per l\u2019azienda e per i propri stakeholders non sono pi\u00f9 opzioni.<br \/>Cloven \u00e8 il software in grado di supportare le aziende a raggiungere questi obiettivi.<\/p><p>I professionisti di Trigenia accompagnano le aziende in tutto il percorso di digitalizzazione energetica: a partire dall\u2019analisi dei flussi energetici di stabilimento, \u00e8 possibile individuare le aree significative su cui prevedere una misura puntuale. Trigenia supporta i clienti in tutte le fasi: dalla progettazione dell\u2019architettura del sistema, attraverso il supporto all\u2019installazione e alla configurazione del campo di misura, fino allo sviluppo e rilascio della piattaforma. Grazie alle competenze ed esperienze degli ingegneri di Trigenia, \u00e8 possibile avere un servizio di supporto continuativo all\u2019analisi ed interpretazione delle informazioni raccolte ed elaborate da Cloven.[\/et_pb_text][\/et_pb_column][\/et_pb_row][et_pb_row column_structure=\"1_2,1_2\" _builder_version=\"4.16.0\" _module_preset=\"default\" global_colors_info=\"{}\"][et_pb_column type=\"1_2\" _builder_version=\"4.16.0\" _module_preset=\"default\" global_colors_info=\"{}\"][\/et_pb_column][et_pb_column type=\"1_2\" _builder_version=\"4.16.0\" _module_preset=\"default\" global_colors_info=\"{}\"][et_pb_text _builder_version=\"4.16.0\" _module_preset=\"default\" text_font_size=\"26px\" global_colors_info=\"{}\"]Servizi correlati[\/et_pb_text][dpdfg_filtergrid custom_query=\"posts_ids\" posts_ids=\"2353,2733\" post_number=\"2\" show_author=\"off\" show_filters=\"off\" show_pagination=\"off\" items_skin=\"dp-dfg-skin-default dp-dfg-skin-midnight\" items_width=\"100%\" _builder_version=\"4.16.0\" _module_preset=\"default\" global_colors_info=\"{}\"][\/dpdfg_filtergrid][\/et_pb_column][\/et_pb_row][\/et_pb_section]<\/p>","_et_gb_content_width":"","content-type":"","footnotes":""},"class_list":["post-3824","page","type-page","status-publish","has-post-thumbnail","hentry"],"yoast_head":"<!-- This site is optimized with the Yoast SEO plugin v24.1 - https:\/\/yoast.com\/wordpress\/plugins\/seo\/ -->\n<title>Cloven - Trigenia<\/title>\n<meta name=\"robots\" content=\"index, follow, max-snippet:-1, max-image-preview:large, max-video-preview:-1\" \/>\n<link rel=\"canonical\" href=\"https:\/\/www.trigenia.it\/en\/servizi\/cloven\/\" \/>\n<meta property=\"og:locale\" content=\"en_US\" \/>\n<meta property=\"og:type\" content=\"article\" \/>\n<meta property=\"og:title\" content=\"Cloven - Trigenia\" \/>\n<meta property=\"og:description\" content=\"Richiedi una consulenza\" \/>\n<meta property=\"og:url\" content=\"https:\/\/www.trigenia.it\/en\/servizi\/cloven\/\" \/>\n<meta property=\"og:site_name\" content=\"Trigenia\" \/>\n<meta property=\"article:modified_time\" content=\"2022-05-06T13:47:50+00:00\" \/>\n<meta property=\"og:image\" content=\"https:\/\/www.trigenia.it\/app\/uploads\/2022\/04\/cloven-scaled.jpg\" \/>\n\t<meta property=\"og:image:width\" content=\"2560\" \/>\n\t<meta property=\"og:image:height\" content=\"1536\" \/>\n\t<meta property=\"og:image:type\" content=\"image\/jpeg\" \/>\n<meta name=\"twitter:card\" content=\"summary_large_image\" \/>\n<meta name=\"twitter:label1\" content=\"Est. reading time\" \/>\n\t<meta name=\"twitter:data1\" content=\"5 minutes\" \/>\n<script type=\"application\/ld+json\" class=\"yoast-schema-graph\">{\"@context\":\"https:\/\/schema.org\",\"@graph\":[{\"@type\":\"WebPage\",\"@id\":\"https:\/\/www.trigenia.it\/en\/servizi\/cloven\/\",\"url\":\"https:\/\/www.trigenia.it\/en\/servizi\/cloven\/\",\"name\":\"Cloven - Trigenia\",\"isPartOf\":{\"@id\":\"https:\/\/www.trigenia.it\/en\/#website\"},\"primaryImageOfPage\":{\"@id\":\"https:\/\/www.trigenia.it\/en\/servizi\/cloven\/#primaryimage\"},\"image\":{\"@id\":\"https:\/\/www.trigenia.it\/en\/servizi\/cloven\/#primaryimage\"},\"thumbnailUrl\":\"https:\/\/www.trigenia.it\/app\/uploads\/2022\/04\/cloven-scaled.jpg\",\"datePublished\":\"2022-05-06T13:45:19+00:00\",\"dateModified\":\"2022-05-06T13:47:50+00:00\",\"breadcrumb\":{\"@id\":\"https:\/\/www.trigenia.it\/en\/servizi\/cloven\/#breadcrumb\"},\"inLanguage\":\"en-US\",\"potentialAction\":[{\"@type\":\"ReadAction\",\"target\":[\"https:\/\/www.trigenia.it\/en\/servizi\/cloven\/\"]}]},{\"@type\":\"ImageObject\",\"inLanguage\":\"en-US\",\"@id\":\"https:\/\/www.trigenia.it\/en\/servizi\/cloven\/#primaryimage\",\"url\":\"https:\/\/www.trigenia.it\/app\/uploads\/2022\/04\/cloven-scaled.jpg\",\"contentUrl\":\"https:\/\/www.trigenia.it\/app\/uploads\/2022\/04\/cloven-scaled.jpg\",\"width\":2560,\"height\":1536},{\"@type\":\"BreadcrumbList\",\"@id\":\"https:\/\/www.trigenia.it\/en\/servizi\/cloven\/#breadcrumb\",\"itemListElement\":[{\"@type\":\"ListItem\",\"position\":1,\"name\":\"Home\",\"item\":\"https:\/\/www.trigenia.it\/en\/\"},{\"@type\":\"ListItem\",\"position\":2,\"name\":\"Services\",\"item\":\"https:\/\/www.trigenia.it\/en\/servizi\/\"},{\"@type\":\"ListItem\",\"position\":3,\"name\":\"Cloven\"}]},{\"@type\":\"WebSite\",\"@id\":\"https:\/\/www.trigenia.it\/en\/#website\",\"url\":\"https:\/\/www.trigenia.it\/en\/\",\"name\":\"Trigenia\",\"description\":\"La tua Energy Service Company\",\"potentialAction\":[{\"@type\":\"SearchAction\",\"target\":{\"@type\":\"EntryPoint\",\"urlTemplate\":\"https:\/\/www.trigenia.it\/en\/?s={search_term_string}\"},\"query-input\":{\"@type\":\"PropertyValueSpecification\",\"valueRequired\":true,\"valueName\":\"search_term_string\"}}],\"inLanguage\":\"en-US\"}]}<\/script>\n<!-- \/ Yoast SEO plugin. -->","yoast_head_json":{"title":"Cloven - Trigenia","robots":{"index":"index","follow":"follow","max-snippet":"max-snippet:-1","max-image-preview":"max-image-preview:large","max-video-preview":"max-video-preview:-1"},"canonical":"https:\/\/www.trigenia.it\/en\/servizi\/cloven\/","og_locale":"en_US","og_type":"article","og_title":"Cloven - Trigenia","og_description":"Richiedi una consulenza","og_url":"https:\/\/www.trigenia.it\/en\/servizi\/cloven\/","og_site_name":"Trigenia","article_modified_time":"2022-05-06T13:47:50+00:00","og_image":[{"width":2560,"height":1536,"url":"https:\/\/www.trigenia.it\/app\/uploads\/2022\/04\/cloven-scaled.jpg","type":"image\/jpeg"}],"twitter_card":"summary_large_image","twitter_misc":{"Est. reading time":"5 minutes"},"schema":{"@context":"https:\/\/schema.org","@graph":[{"@type":"WebPage","@id":"https:\/\/www.trigenia.it\/en\/servizi\/cloven\/","url":"https:\/\/www.trigenia.it\/en\/servizi\/cloven\/","name":"Cloven - Trigenia","isPartOf":{"@id":"https:\/\/www.trigenia.it\/en\/#website"},"primaryImageOfPage":{"@id":"https:\/\/www.trigenia.it\/en\/servizi\/cloven\/#primaryimage"},"image":{"@id":"https:\/\/www.trigenia.it\/en\/servizi\/cloven\/#primaryimage"},"thumbnailUrl":"https:\/\/www.trigenia.it\/app\/uploads\/2022\/04\/cloven-scaled.jpg","datePublished":"2022-05-06T13:45:19+00:00","dateModified":"2022-05-06T13:47:50+00:00","breadcrumb":{"@id":"https:\/\/www.trigenia.it\/en\/servizi\/cloven\/#breadcrumb"},"inLanguage":"en-US","potentialAction":[{"@type":"ReadAction","target":["https:\/\/www.trigenia.it\/en\/servizi\/cloven\/"]}]},{"@type":"ImageObject","inLanguage":"en-US","@id":"https:\/\/www.trigenia.it\/en\/servizi\/cloven\/#primaryimage","url":"https:\/\/www.trigenia.it\/app\/uploads\/2022\/04\/cloven-scaled.jpg","contentUrl":"https:\/\/www.trigenia.it\/app\/uploads\/2022\/04\/cloven-scaled.jpg","width":2560,"height":1536},{"@type":"BreadcrumbList","@id":"https:\/\/www.trigenia.it\/en\/servizi\/cloven\/#breadcrumb","itemListElement":[{"@type":"ListItem","position":1,"name":"Home","item":"https:\/\/www.trigenia.it\/en\/"},{"@type":"ListItem","position":2,"name":"Services","item":"https:\/\/www.trigenia.it\/en\/servizi\/"},{"@type":"ListItem","position":3,"name":"Cloven"}]},{"@type":"WebSite","@id":"https:\/\/www.trigenia.it\/en\/#website","url":"https:\/\/www.trigenia.it\/en\/","name":"Trigenia","description":"La tua Energy Service Company","potentialAction":[{"@type":"SearchAction","target":{"@type":"EntryPoint","urlTemplate":"https:\/\/www.trigenia.it\/en\/?s={search_term_string}"},"query-input":{"@type":"PropertyValueSpecification","valueRequired":true,"valueName":"search_term_string"}}],"inLanguage":"en-US"}]}},"_links":{"self":[{"href":"https:\/\/www.trigenia.it\/en\/wp-json\/wp\/v2\/pages\/3824","targetHints":{"allow":["GET"]}}],"collection":[{"href":"https:\/\/www.trigenia.it\/en\/wp-json\/wp\/v2\/pages"}],"about":[{"href":"https:\/\/www.trigenia.it\/en\/wp-json\/wp\/v2\/types\/page"}],"author":[{"embeddable":true,"href":"https:\/\/www.trigenia.it\/en\/wp-json\/wp\/v2\/users\/1"}],"replies":[{"embeddable":true,"href":"https:\/\/www.trigenia.it\/en\/wp-json\/wp\/v2\/comments?post=3824"}],"version-history":[{"count":5,"href":"https:\/\/www.trigenia.it\/en\/wp-json\/wp\/v2\/pages\/3824\/revisions"}],"predecessor-version":[{"id":3830,"href":"https:\/\/www.trigenia.it\/en\/wp-json\/wp\/v2\/pages\/3824\/revisions\/3830"}],"up":[{"embeddable":true,"href":"https:\/\/www.trigenia.it\/en\/wp-json\/wp\/v2\/pages\/3412"}],"wp:featuredmedia":[{"embeddable":true,"href":"https:\/\/www.trigenia.it\/en\/wp-json\/wp\/v2\/media\/3358"}],"wp:attachment":[{"href":"https:\/\/www.trigenia.it\/en\/wp-json\/wp\/v2\/media?parent=3824"}],"curies":[{"name":"wp","href":"https:\/\/api.w.org\/{rel}","templated":true}]}}